{"id":15395,"date":"2026-02-15T16:09:42","date_gmt":"2026-02-15T15:09:42","guid":{"rendered":"https:\/\/mach25gaming.com\/mach25-gaming-nouvelles\/"},"modified":"2026-02-15T17:31:56","modified_gmt":"2026-02-15T16:31:56","slug":"mach25-gaming-nouvelles","status":"publish","type":"page","link":"https:\/\/mach25gaming.com\/fr\/mach25-gaming-nouvelles\/","title":{"rendered":"Mach25 Gaming Nouvelles"},"content":{"rendered":"\t\t<div data-elementor-type=\"wp-page\" data-elementor-id=\"15395\" class=\"elementor elementor-15395 elementor-15313\" data-elementor-post-type=\"page\">\n\t\t\t\t<div class=\"elementor-element elementor-element-619bfba9 e-con-full e-flex e-con e-parent\" data-id=\"619bfba9\" data-element_type=\"container\" data-e-type=\"container\" data-settings=\"{&quot;background_background&quot;:&quot;classic&quot;}\">\n\t\t<div class=\"elementor-element elementor-element-66024e71 e-flex e-con-boxed e-con e-child\" data-id=\"66024e71\" data-element_type=\"container\" data-e-type=\"container\" data-settings=\"{&quot;background_background&quot;:&quot;classic&quot;}\">\n\t\t\t\t\t<div class=\"e-con-inner\">\n\t\t\t\t<div class=\"elementor-element elementor-element-88f32b2 elementor-widget elementor-widget-heading\" data-id=\"88f32b2\" data-element_type=\"widget\" data-e-type=\"widget\" data-widget_type=\"heading.default\">\n\t\t\t\t<div class=\"elementor-widget-container\">\n\t\t\t\t\t<h1 class=\"elementor-heading-title elementor-size-default\">NOUVELLES<\/h1>\t\t\t\t<\/div>\n\t\t\t\t<\/div>\n\t\t\t\t\t<\/div>\n\t\t\t\t<\/div>\n\t\t\t\t<\/div>\n\t\t<div class=\"elementor-element elementor-element-6c75479 e-flex e-con-boxed e-con e-parent\" data-id=\"6c75479\" data-element_type=\"container\" data-e-type=\"container\">\n\t\t\t\t\t<div class=\"e-con-inner\">\n\t\t<div class=\"elementor-element elementor-element-384b7d3 e-con-full e-flex e-con e-child\" data-id=\"384b7d3\" data-element_type=\"container\" data-e-type=\"container\">\n\t\t\t\t<div class=\"elementor-element elementor-element-956c51d elementor-posts__hover-none elementor-posts--align-center elementor-grid-3 elementor-grid-tablet-2 elementor-grid-mobile-1 elementor-posts--thumbnail-top elementor-card-shadow-yes elementor-widget elementor-widget-posts\" data-id=\"956c51d\" data-element_type=\"widget\" data-e-type=\"widget\" data-settings=\"{&quot;cards_row_gap&quot;:{&quot;unit&quot;:&quot;px&quot;,&quot;size&quot;:75,&quot;sizes&quot;:[]},&quot;cards_row_gap_tablet&quot;:{&quot;unit&quot;:&quot;px&quot;,&quot;size&quot;:71,&quot;sizes&quot;:[]},&quot;cards_row_gap_mobile&quot;:{&quot;unit&quot;:&quot;px&quot;,&quot;size&quot;:30,&quot;sizes&quot;:[]},&quot;cards_columns&quot;:&quot;3&quot;,&quot;cards_columns_tablet&quot;:&quot;2&quot;,&quot;cards_columns_mobile&quot;:&quot;1&quot;}\" data-widget_type=\"posts.cards\">\n\t\t\t\t<div class=\"elementor-widget-container\">\n\t\t\t\t\t\t\t<div class=\"elementor-posts-container elementor-posts elementor-posts--skin-cards elementor-grid\" role=\"list\">\n\t\t\t\t<article class=\"elementor-post elementor-grid-item post-15503 post type-post status-publish format-standard has-post-thumbnail hentry category-gt7-championships category-infinity-gseries-fr\" role=\"listitem\">\n\t\t\t<div class=\"elementor-post__card\">\n\t\t\t\t<a class=\"elementor-post__thumbnail__link\" href=\"https:\/\/mach25gaming.com\/fr\/le-format-de-competition-des-infinity-gseries-pourquoi-ligs-2026-est-le-meilleur-championnat-de-simracing-au-monde\/\" tabindex=\"-1\" target=\"_blank\"><div class=\"elementor-post__thumbnail\"><img fetchpriority=\"high\" decoding=\"async\" width=\"1080\" height=\"1350\" src=\"https:\/\/mach25gaming.com\/wp-content\/uploads\/2026\/03\/Gs26-intro.jpg\" class=\"attachment-full size-full wp-image-15482\" alt=\"Introducci\u00f3n al formato de las Infinity GSeries\" srcset=\"https:\/\/mach25gaming.com\/wp-content\/uploads\/2026\/03\/Gs26-intro.jpg 1080w, https:\/\/mach25gaming.com\/wp-content\/uploads\/2026\/03\/Gs26-intro-240x300.jpg 240w, https:\/\/mach25gaming.com\/wp-content\/uploads\/2026\/03\/Gs26-intro-819x1024.jpg 819w, https:\/\/mach25gaming.com\/wp-content\/uploads\/2026\/03\/Gs26-intro-768x960.jpg 768w\" sizes=\"(max-width: 1080px) 100vw, 1080px\" \/><\/div><\/a>\n\t\t\t\t<div class=\"elementor-post__badge\">GT7 Championships<\/div>\n\t\t\t\t<div class=\"elementor-post__text\">\n\t\t\t\t<h4 class=\"elementor-post__title\">\n\t\t\t<a href=\"https:\/\/mach25gaming.com\/fr\/le-format-de-competition-des-infinity-gseries-pourquoi-ligs-2026-est-le-meilleur-championnat-de-simracing-au-monde\/\" target=&quot;_blank&quot;>\n\t\t\t\tLe format de comp\u00e9tition des Infinity GSeries : pourquoi l\u2019IGS 2026 est le meilleur championnat de simracing au monde\t\t\t<\/a>\n\t\t<\/h4>\n\t\t\t\t<div class=\"elementor-post__excerpt\">\n\t\t\t<p>Le format de comp\u00e9tition des Infinity GSeries : pourquoi l\u2019IGS 2026 est le meilleur championnat de simracing au monde Si<\/p>\n\t\t<\/div>\n\t\t\t\t\t<div class=\"elementor-post__read-more-wrapper\">\n\t\t\n\t\t<a class=\"elementor-post__read-more\" href=\"https:\/\/mach25gaming.com\/fr\/le-format-de-competition-des-infinity-gseries-pourquoi-ligs-2026-est-le-meilleur-championnat-de-simracing-au-monde\/\" aria-label=\"En savoir plus sur Le format de comp\u00e9tition des Infinity GSeries : pourquoi l\u2019IGS 2026 est le meilleur championnat de simracing au monde\" tabindex=\"-1\" target=\"_blank\">\n\t\t\tEn savoir plus\t\t<\/a>\n\n\t\t\t\t\t<\/div>\n\t\t\t\t<\/div>\n\t\t\t\t\t<\/div>\n\t\t<\/article>\n\t\t\t\t<article class=\"elementor-post elementor-grid-item post-15136 post type-post status-publish format-standard has-post-thumbnail hentry\" role=\"listitem\">\n\t\t\t<div class=\"elementor-post__card\">\n\t\t\t\t<a class=\"elementor-post__thumbnail__link\" href=\"https:\/\/mach25gaming.com\/fr\/infinity-gseries-2026-reaffirme-un-format-qui-seduit-les-passionnes-de-gt7\/\" tabindex=\"-1\" target=\"_blank\"><div class=\"elementor-post__thumbnail\"><img decoding=\"async\" width=\"2000\" height=\"1125\" src=\"https:\/\/mach25gaming.com\/wp-content\/uploads\/2023\/08\/bg-infinity-gseries-23.jpg\" class=\"attachment-full size-full wp-image-9024\" alt=\"Formato de competici\u00f3n Infinity GSeries 2026\" srcset=\"https:\/\/mach25gaming.com\/wp-content\/uploads\/2023\/08\/bg-infinity-gseries-23.jpg 2000w, https:\/\/mach25gaming.com\/wp-content\/uploads\/2023\/08\/bg-infinity-gseries-23-300x169.jpg 300w, https:\/\/mach25gaming.com\/wp-content\/uploads\/2023\/08\/bg-infinity-gseries-23-1024x576.jpg 1024w, https:\/\/mach25gaming.com\/wp-content\/uploads\/2023\/08\/bg-infinity-gseries-23-768x432.jpg 768w, https:\/\/mach25gaming.com\/wp-content\/uploads\/2023\/08\/bg-infinity-gseries-23-1536x864.jpg 1536w\" sizes=\"(max-width: 2000px) 100vw, 2000px\" \/><\/div><\/a>\n\t\t\t\t<div class=\"elementor-post__text\">\n\t\t\t\t<h4 class=\"elementor-post__title\">\n\t\t\t<a href=\"https:\/\/mach25gaming.com\/fr\/infinity-gseries-2026-reaffirme-un-format-qui-seduit-les-passionnes-de-gt7\/\" target=&quot;_blank&quot;>\n\t\t\t\tInfinity GSeries 2026 r\u00e9affirme un format qui s\u00e9duit les passionn\u00e9s de GT7\t\t\t<\/a>\n\t\t<\/h4>\n\t\t\t\t<div class=\"elementor-post__excerpt\">\n\t\t\t<p>La comp\u00e9tition simracing de Gran Turismo 7 o\u00f9 chaque \u00e9quipe aligne deux pilotes en piste, garantissant des strat\u00e9gies in\u00e9dites Le<\/p>\n\t\t<\/div>\n\t\t\t\t\t<div class=\"elementor-post__read-more-wrapper\">\n\t\t\n\t\t<a class=\"elementor-post__read-more\" href=\"https:\/\/mach25gaming.com\/fr\/infinity-gseries-2026-reaffirme-un-format-qui-seduit-les-passionnes-de-gt7\/\" aria-label=\"En savoir plus sur Infinity GSeries 2026 r\u00e9affirme un format qui s\u00e9duit les passionn\u00e9s de GT7\" tabindex=\"-1\" target=\"_blank\">\n\t\t\tEn savoir plus\t\t<\/a>\n\n\t\t\t\t\t<\/div>\n\t\t\t\t<\/div>\n\t\t\t\t\t<\/div>\n\t\t<\/article>\n\t\t\t\t<article class=\"elementor-post elementor-grid-item post-15125 post type-post status-publish format-standard has-post-thumbnail hentry\" role=\"listitem\">\n\t\t\t<div class=\"elementor-post__card\">\n\t\t\t\t<a class=\"elementor-post__thumbnail__link\" href=\"https:\/\/mach25gaming.com\/fr\/inscripcion-infinity-gseries-2026-inscrivez-vous-maintenant-ou-restez-sur-la-touche\/\" tabindex=\"-1\" target=\"_blank\"><div class=\"elementor-post__thumbnail\"><img decoding=\"async\" width=\"1080\" height=\"1920\" src=\"https:\/\/mach25gaming.com\/wp-content\/uploads\/2026\/02\/Diseno-sin-titulo-1.png\" class=\"attachment-full size-full wp-image-15119\" alt=\"Inscripci\u00f3n Infinity GSeries 2026\" srcset=\"https:\/\/mach25gaming.com\/wp-content\/uploads\/2026\/02\/Diseno-sin-titulo-1.png 1080w, https:\/\/mach25gaming.com\/wp-content\/uploads\/2026\/02\/Diseno-sin-titulo-1-169x300.png 169w, https:\/\/mach25gaming.com\/wp-content\/uploads\/2026\/02\/Diseno-sin-titulo-1-576x1024.png 576w, https:\/\/mach25gaming.com\/wp-content\/uploads\/2026\/02\/Diseno-sin-titulo-1-768x1365.png 768w, https:\/\/mach25gaming.com\/wp-content\/uploads\/2026\/02\/Diseno-sin-titulo-1-864x1536.png 864w\" sizes=\"(max-width: 1080px) 100vw, 1080px\" \/><\/div><\/a>\n\t\t\t\t<div class=\"elementor-post__text\">\n\t\t\t\t<h4 class=\"elementor-post__title\">\n\t\t\t<a href=\"https:\/\/mach25gaming.com\/fr\/inscripcion-infinity-gseries-2026-inscrivez-vous-maintenant-ou-restez-sur-la-touche\/\" target=&quot;_blank&quot;>\n\t\t\t\tInscripci\u00f3n Infinity GSeries 2026 : inscrivez\u2011vous maintenant ou restez sur la touche\t\t\t<\/a>\n\t\t<\/h4>\n\t\t\t\t<div class=\"elementor-post__excerpt\">\n\t\t\t<p>Les \u00e9quipes peuvent d\u00e9j\u00e0 s\u2019inscrire pour tenter d\u2019obtenir l\u2019une des 24 places disponibles dans la comp\u00e9tition la plus importante du<\/p>\n\t\t<\/div>\n\t\t\t\t\t<div class=\"elementor-post__read-more-wrapper\">\n\t\t\n\t\t<a class=\"elementor-post__read-more\" href=\"https:\/\/mach25gaming.com\/fr\/inscripcion-infinity-gseries-2026-inscrivez-vous-maintenant-ou-restez-sur-la-touche\/\" aria-label=\"En savoir plus sur Inscripci\u00f3n Infinity GSeries 2026 : inscrivez\u2011vous maintenant ou restez sur la touche\" tabindex=\"-1\" target=\"_blank\">\n\t\t\tEn savoir plus\t\t<\/a>\n\n\t\t\t\t\t<\/div>\n\t\t\t\t<\/div>\n\t\t\t\t\t<\/div>\n\t\t<\/article>\n\t\t\t\t<article class=\"elementor-post elementor-grid-item post-15100 post type-post status-publish format-standard has-post-thumbnail hentry\" role=\"listitem\">\n\t\t\t<div class=\"elementor-post__card\">\n\t\t\t\t<a class=\"elementor-post__thumbnail__link\" href=\"https:\/\/mach25gaming.com\/fr\/las-infinity-gseries-2026-rompen-todos-los-esquemas-nuevos-premios-y-un-cambio-historico\/\" tabindex=\"-1\" target=\"_blank\"><div class=\"elementor-post__thumbnail\"><img decoding=\"async\" width=\"1080\" height=\"1920\" src=\"https:\/\/mach25gaming.com\/wp-content\/uploads\/2026\/02\/Diseno-sin-titulo-1.png\" class=\"attachment-full size-full wp-image-15119\" alt=\"Inscripci\u00f3n Infinity GSeries 2026\" srcset=\"https:\/\/mach25gaming.com\/wp-content\/uploads\/2026\/02\/Diseno-sin-titulo-1.png 1080w, https:\/\/mach25gaming.com\/wp-content\/uploads\/2026\/02\/Diseno-sin-titulo-1-169x300.png 169w, https:\/\/mach25gaming.com\/wp-content\/uploads\/2026\/02\/Diseno-sin-titulo-1-576x1024.png 576w, https:\/\/mach25gaming.com\/wp-content\/uploads\/2026\/02\/Diseno-sin-titulo-1-768x1365.png 768w, https:\/\/mach25gaming.com\/wp-content\/uploads\/2026\/02\/Diseno-sin-titulo-1-864x1536.png 864w\" sizes=\"(max-width: 1080px) 100vw, 1080px\" \/><\/div><\/a>\n\t\t\t\t<div class=\"elementor-post__text\">\n\t\t\t\t<h4 class=\"elementor-post__title\">\n\t\t\t<a href=\"https:\/\/mach25gaming.com\/fr\/las-infinity-gseries-2026-rompen-todos-los-esquemas-nuevos-premios-y-un-cambio-historico\/\" target=&quot;_blank&quot;>\n\t\t\t\tLas Infinity GSeries 2026 rompen todos los esquemas: nuevos premios y un cambio hist\u00f3rico.\t\t\t<\/a>\n\t\t<\/h4>\n\t\t\t\t<div class=\"elementor-post__excerpt\">\n\t\t\t<p>Une \u00e9dition qui \u00e9largit ses horizons avec des retransmissions en espagnol et en anglais, un calendrier flexible et les meilleures<\/p>\n\t\t<\/div>\n\t\t\t\t\t<div class=\"elementor-post__read-more-wrapper\">\n\t\t\n\t\t<a class=\"elementor-post__read-more\" href=\"https:\/\/mach25gaming.com\/fr\/las-infinity-gseries-2026-rompen-todos-los-esquemas-nuevos-premios-y-un-cambio-historico\/\" aria-label=\"En savoir plus sur Las Infinity GSeries 2026 rompen todos los esquemas: nuevos premios y un cambio hist\u00f3rico.\" tabindex=\"-1\" target=\"_blank\">\n\t\t\tEn savoir plus\t\t<\/a>\n\n\t\t\t\t\t<\/div>\n\t\t\t\t<\/div>\n\t\t\t\t\t<\/div>\n\t\t<\/article>\n\t\t\t\t<\/div>\n\t\t\n\t\t\t\t\t\t<\/div>\n\t\t\t\t<\/div>\n\t\t\t\t<\/div>\n\t\t\t\t\t<\/div>\n\t\t\t\t<\/div>\n\t\t<footer class=\"elementor-element elementor-element-30e37b19 elementor-hidden-desktop elementor-hidden-tablet elementor-hidden-mobile e-flex e-con-boxed e-con e-parent\" data-id=\"30e37b19\" data-element_type=\"container\" data-e-type=\"container\" data-settings=\"{&quot;background_background&quot;:&quot;classic&quot;}\">\n\t\t\t\t\t<div class=\"e-con-inner\">\n\t\t\t\t<div class=\"elementor-element elementor-element-7fd64e4b elementor-widget elementor-widget-heading\" data-id=\"7fd64e4b\" data-element_type=\"widget\" data-e-type=\"widget\" data-widget_type=\"heading.default\">\n\t\t\t\t<div class=\"elementor-widget-container\">\n\t\t\t\t\t<h2 class=\"elementor-heading-title elementor-size-default\">Abonnez-vous \u00e0 notre newsletter<\/h2>\t\t\t\t<\/div>\n\t\t\t\t<\/div>\n\t\t\t\t<div class=\"elementor-element elementor-element-2ebf682d elementor-widget__width-inherit elementor-button-align-stretch elementor-widget elementor-widget-form\" data-id=\"2ebf682d\" data-element_type=\"widget\" data-e-type=\"widget\" data-settings=\"{&quot;step_next_label&quot;:&quot;Suivant&quot;,&quot;step_previous_label&quot;:&quot;Pr\\u00e9c\\u00e9dent&quot;,&quot;button_width&quot;:&quot;33&quot;,&quot;step_type&quot;:&quot;number_text&quot;,&quot;step_icon_shape&quot;:&quot;circle&quot;}\" data-widget_type=\"form.default\">\n\t\t\t\t<div class=\"elementor-widget-container\">\n\t\t\t\t\t\t\t<form class=\"elementor-form\" method=\"post\" name=\"Formulaire d&#039;inscription \u00e0 la newsletter\" aria-label=\"Formulaire d&#039;inscription \u00e0 la newsletter\">\n\t\t\t<input type=\"hidden\" name=\"post_id\" value=\"15395\"\/>\n\t\t\t<input type=\"hidden\" name=\"form_id\" value=\"2ebf682d\"\/>\n\t\t\t<input type=\"hidden\" name=\"referer_title\" value=\"Mach25 Gaming Nouvelles - mach25gaming\" \/>\n\n\t\t\t\t\t\t\t<input type=\"hidden\" name=\"queried_id\" value=\"15395\"\/>\n\t\t\t\n\t\t\t<div class=\"elementor-form-fields-wrapper elementor-labels-\">\n\t\t\t\t\t\t\t\t<div class=\"elementor-field-type-text elementor-field-group elementor-column elementor-field-group-field_7a6d165 elementor-col-33\">\n\t\t\t\t\t\t\t\t\t\t\t\t<label for=\"form-field-field_7a6d165\" class=\"elementor-field-label elementor-screen-only\">\n\t\t\t\t\t\t\t\tNom et pr\u00e9nom\t\t\t\t\t\t\t<\/label>\n\t\t\t\t\t\t\t\t\t\t\t\t\t\t<input size=\"1\" type=\"text\" name=\"form_fields[field_7a6d165]\" id=\"form-field-field_7a6d165\" class=\"elementor-field elementor-size-md  elementor-field-textual\" placeholder=\"Nom et pr\u00e9nom\">\n\t\t\t\t\t\t\t\t\t\t\t<\/div>\n\t\t\t\t\t\t\t\t<div class=\"elementor-field-type-email elementor-field-group elementor-column elementor-field-group-email elementor-col-33 elementor-field-required\">\n\t\t\t\t\t\t\t\t\t\t\t\t<label for=\"form-field-email\" class=\"elementor-field-label elementor-screen-only\">\n\t\t\t\t\t\t\t\tEmail\t\t\t\t\t\t\t<\/label>\n\t\t\t\t\t\t\t\t\t\t\t\t\t\t<input size=\"1\" type=\"email\" name=\"form_fields[email]\" id=\"form-field-email\" class=\"elementor-field elementor-size-md  elementor-field-textual\" placeholder=\"Email\" required=\"required\">\n\t\t\t\t\t\t\t\t\t\t\t<\/div>\n\t\t\t\t\t\t\t\t<div class=\"elementor-field-group elementor-column elementor-field-type-submit elementor-col-33 e-form__buttons\">\n\t\t\t\t\t<button class=\"elementor-button elementor-size-md\" type=\"submit\">\n\t\t\t\t\t\t<span class=\"elementor-button-content-wrapper\">\n\t\t\t\t\t\t\t\t\t\t\t\t\t\t\t\t\t\t\t\t\t\t<span class=\"elementor-button-text\">Envoyer<\/span>\n\t\t\t\t\t\t\t\t\t\t\t\t\t<\/span>\n\t\t\t\t\t<\/button>\n\t\t\t\t<\/div>\n\t\t\t<\/div>\n\t\t<\/form>\n\t\t\t\t\t\t<\/div>\n\t\t\t\t<\/div>\n\t\t\t\t\t<\/div>\n\t\t\t\t<\/footer>\n\t\t\t\t<\/div>\n\t\t","protected":false},"excerpt":{"rendered":"<p>NOUVELLES Abonnez-vous \u00e0 notre newsletter<\/p>\n","protected":false},"author":1,"featured_media":0,"parent":0,"menu_order":0,"comment_status":"closed","ping_status":"closed","template":"","meta":{"footnotes":""},"class_list":["post-15395","page","type-page","status-publish","hentry"],"yoast_head":"<!-- This site is optimized with the Yoast SEO plugin v27.3 - https:\/\/yoast.com\/product\/yoast-seo-wordpress\/ -->\n<title>Mach25 Gaming Nouvelles - mach25gaming<\/title>\n<meta name=\"robots\" content=\"index, follow, max-snippet:-1, max-image-preview:large, max-video-preview:-1\" \/>\n<link rel=\"canonical\" href=\"https:\/\/mach25gaming.com\/fr\/mach25-gaming-nouvelles\/\" \/>\n<meta property=\"og:locale\" content=\"fr_FR\" \/>\n<meta property=\"og:type\" content=\"article\" \/>\n<meta property=\"og:title\" content=\"Mach25 Gaming Nouvelles - mach25gaming\" \/>\n<meta property=\"og:description\" content=\"NOUVELLES Abonnez-vous \u00e0 notre newsletter\" \/>\n<meta property=\"og:url\" content=\"https:\/\/mach25gaming.com\/fr\/mach25-gaming-nouvelles\/\" \/>\n<meta property=\"og:site_name\" content=\"mach25gaming\" \/>\n<meta property=\"article:modified_time\" content=\"2026-02-15T16:31:56+00:00\" \/>\n<meta name=\"twitter:card\" content=\"summary_large_image\" \/>\n<meta name=\"twitter:site\" content=\"@Mach25Gaming\" \/>\n<script type=\"application\/ld+json\" class=\"yoast-schema-graph\">{\"@context\":\"https:\\\/\\\/schema.org\",\"@graph\":[{\"@type\":\"WebPage\",\"@id\":\"https:\\\/\\\/mach25gaming.com\\\/fr\\\/mach25-gaming-nouvelles\\\/\",\"url\":\"https:\\\/\\\/mach25gaming.com\\\/fr\\\/mach25-gaming-nouvelles\\\/\",\"name\":\"Mach25 Gaming Nouvelles - mach25gaming\",\"isPartOf\":{\"@id\":\"https:\\\/\\\/mach25gaming.com\\\/#website\"},\"datePublished\":\"2026-02-15T15:09:42+00:00\",\"dateModified\":\"2026-02-15T16:31:56+00:00\",\"breadcrumb\":{\"@id\":\"https:\\\/\\\/mach25gaming.com\\\/fr\\\/mach25-gaming-nouvelles\\\/#breadcrumb\"},\"inLanguage\":\"fr-FR\",\"potentialAction\":[{\"@type\":\"ReadAction\",\"target\":[\"https:\\\/\\\/mach25gaming.com\\\/fr\\\/mach25-gaming-nouvelles\\\/\"]}]},{\"@type\":\"BreadcrumbList\",\"@id\":\"https:\\\/\\\/mach25gaming.com\\\/fr\\\/mach25-gaming-nouvelles\\\/#breadcrumb\",\"itemListElement\":[{\"@type\":\"ListItem\",\"position\":1,\"name\":\"Portada\",\"item\":\"https:\\\/\\\/mach25gaming.com\\\/\"},{\"@type\":\"ListItem\",\"position\":2,\"name\":\"Mach25 Gaming Nouvelles\"}]},{\"@type\":\"WebSite\",\"@id\":\"https:\\\/\\\/mach25gaming.com\\\/#website\",\"url\":\"https:\\\/\\\/mach25gaming.com\\\/\",\"name\":\"mach25gaming\",\"description\":\"Despega al infinito con Mach 25 gaming\",\"publisher\":{\"@id\":\"https:\\\/\\\/mach25gaming.com\\\/#organization\"},\"potentialAction\":[{\"@type\":\"SearchAction\",\"target\":{\"@type\":\"EntryPoint\",\"urlTemplate\":\"https:\\\/\\\/mach25gaming.com\\\/?s={search_term_string}\"},\"query-input\":{\"@type\":\"PropertyValueSpecification\",\"valueRequired\":true,\"valueName\":\"search_term_string\"}}],\"inLanguage\":\"fr-FR\"},{\"@type\":\"Organization\",\"@id\":\"https:\\\/\\\/mach25gaming.com\\\/#organization\",\"name\":\"mach25gaming\",\"url\":\"https:\\\/\\\/mach25gaming.com\\\/\",\"logo\":{\"@type\":\"ImageObject\",\"inLanguage\":\"fr-FR\",\"@id\":\"https:\\\/\\\/mach25gaming.com\\\/#\\\/schema\\\/logo\\\/image\\\/\",\"url\":\"https:\\\/\\\/mach25gaming.com\\\/wp-content\\\/uploads\\\/2022\\\/09\\\/cropped-cropped-M25G_horizontal-e1664186082509-1.png\",\"contentUrl\":\"https:\\\/\\\/mach25gaming.com\\\/wp-content\\\/uploads\\\/2022\\\/09\\\/cropped-cropped-M25G_horizontal-e1664186082509-1.png\",\"width\":500,\"height\":165,\"caption\":\"mach25gaming\"},\"image\":{\"@id\":\"https:\\\/\\\/mach25gaming.com\\\/#\\\/schema\\\/logo\\\/image\\\/\"},\"sameAs\":[\"https:\\\/\\\/x.com\\\/Mach25Gaming\",\"https:\\\/\\\/www.instagram.com\\\/mach25gaming\\\/\"]}]}<\/script>\n<!-- \/ Yoast SEO plugin. -->","yoast_head_json":{"title":"Mach25 Gaming Nouvelles - mach25gaming","robots":{"index":"index","follow":"follow","max-snippet":"max-snippet:-1","max-image-preview":"max-image-preview:large","max-video-preview":"max-video-preview:-1"},"canonical":"https:\/\/mach25gaming.com\/fr\/mach25-gaming-nouvelles\/","og_locale":"fr_FR","og_type":"article","og_title":"Mach25 Gaming Nouvelles - mach25gaming","og_description":"NOUVELLES Abonnez-vous \u00e0 notre newsletter","og_url":"https:\/\/mach25gaming.com\/fr\/mach25-gaming-nouvelles\/","og_site_name":"mach25gaming","article_modified_time":"2026-02-15T16:31:56+00:00","twitter_card":"summary_large_image","twitter_site":"@Mach25Gaming","schema":{"@context":"https:\/\/schema.org","@graph":[{"@type":"WebPage","@id":"https:\/\/mach25gaming.com\/fr\/mach25-gaming-nouvelles\/","url":"https:\/\/mach25gaming.com\/fr\/mach25-gaming-nouvelles\/","name":"Mach25 Gaming Nouvelles - mach25gaming","isPartOf":{"@id":"https:\/\/mach25gaming.com\/#website"},"datePublished":"2026-02-15T15:09:42+00:00","dateModified":"2026-02-15T16:31:56+00:00","breadcrumb":{"@id":"https:\/\/mach25gaming.com\/fr\/mach25-gaming-nouvelles\/#breadcrumb"},"inLanguage":"fr-FR","potentialAction":[{"@type":"ReadAction","target":["https:\/\/mach25gaming.com\/fr\/mach25-gaming-nouvelles\/"]}]},{"@type":"BreadcrumbList","@id":"https:\/\/mach25gaming.com\/fr\/mach25-gaming-nouvelles\/#breadcrumb","itemListElement":[{"@type":"ListItem","position":1,"name":"Portada","item":"https:\/\/mach25gaming.com\/"},{"@type":"ListItem","position":2,"name":"Mach25 Gaming Nouvelles"}]},{"@type":"WebSite","@id":"https:\/\/mach25gaming.com\/#website","url":"https:\/\/mach25gaming.com\/","name":"mach25gaming","description":"Despega al infinito con Mach 25 gaming","publisher":{"@id":"https:\/\/mach25gaming.com\/#organization"},"potentialAction":[{"@type":"SearchAction","target":{"@type":"EntryPoint","urlTemplate":"https:\/\/mach25gaming.com\/?s={search_term_string}"},"query-input":{"@type":"PropertyValueSpecification","valueRequired":true,"valueName":"search_term_string"}}],"inLanguage":"fr-FR"},{"@type":"Organization","@id":"https:\/\/mach25gaming.com\/#organization","name":"mach25gaming","url":"https:\/\/mach25gaming.com\/","logo":{"@type":"ImageObject","inLanguage":"fr-FR","@id":"https:\/\/mach25gaming.com\/#\/schema\/logo\/image\/","url":"https:\/\/mach25gaming.com\/wp-content\/uploads\/2022\/09\/cropped-cropped-M25G_horizontal-e1664186082509-1.png","contentUrl":"https:\/\/mach25gaming.com\/wp-content\/uploads\/2022\/09\/cropped-cropped-M25G_horizontal-e1664186082509-1.png","width":500,"height":165,"caption":"mach25gaming"},"image":{"@id":"https:\/\/mach25gaming.com\/#\/schema\/logo\/image\/"},"sameAs":["https:\/\/x.com\/Mach25Gaming","https:\/\/www.instagram.com\/mach25gaming\/"]}]}},"_links":{"self":[{"href":"https:\/\/mach25gaming.com\/fr\/wp-json\/wp\/v2\/pages\/15395","targetHints":{"allow":["GET"]}}],"collection":[{"href":"https:\/\/mach25gaming.com\/fr\/wp-json\/wp\/v2\/pages"}],"about":[{"href":"https:\/\/mach25gaming.com\/fr\/wp-json\/wp\/v2\/types\/page"}],"author":[{"embeddable":true,"href":"https:\/\/mach25gaming.com\/fr\/wp-json\/wp\/v2\/users\/1"}],"replies":[{"embeddable":true,"href":"https:\/\/mach25gaming.com\/fr\/wp-json\/wp\/v2\/comments?post=15395"}],"version-history":[{"count":1,"href":"https:\/\/mach25gaming.com\/fr\/wp-json\/wp\/v2\/pages\/15395\/revisions"}],"predecessor-version":[{"id":15396,"href":"https:\/\/mach25gaming.com\/fr\/wp-json\/wp\/v2\/pages\/15395\/revisions\/15396"}],"wp:attachment":[{"href":"https:\/\/mach25gaming.com\/fr\/wp-json\/wp\/v2\/media?parent=15395"}],"curies":[{"name":"wp","href":"https:\/\/api.w.org\/{rel}","templated":true}]}}